{"id":181,"date":"2021-05-28T08:10:06","date_gmt":"2021-05-28T08:10:06","guid":{"rendered":"https:\/\/tuermerin-doris.de\/?page_id=181"},"modified":"2025-09-17T16:43:28","modified_gmt":"2025-09-17T16:43:28","slug":"kinder","status":"publish","type":"page","link":"https:\/\/tuermerin-doris.de\/?page_id=181","title":{"rendered":"F\u00fchrungen f\u00fcr Kinderg\u00e4rten, Schulklassen, Kindergeburtstage"},"content":{"rendered":"","protected":false},"excerpt":{"rendered":"","protected":false},"author":1,"featured_media":0,"parent":0,"menu_order":0,"comment_status":"closed","ping_status":"closed","template":"","meta":{"footnotes":""},"class_list":["post-181","page","type-page","status-publish","hentry"],"_links":{"self":[{"href":"https:\/\/tuermerin-doris.de\/index.php?rest_route=\/wp\/v2\/pages\/181","targetHints":{"allow":["GET"]}}],"collection":[{"href":"https:\/\/tuermerin-doris.de\/index.php?rest_route=\/wp\/v2\/pages"}],"about":[{"href":"https:\/\/tuermerin-doris.de\/index.php?rest_route=\/wp\/v2\/types\/page"}],"author":[{"embeddable":true,"href":"https:\/\/tuermerin-doris.de\/index.php?rest_route=\/wp\/v2\/users\/1"}],"replies":[{"embeddable":true,"href":"https:\/\/tuermerin-doris.de\/index.php?rest_route=%2Fwp%2Fv2%2Fcomments&post=181"}],"version-history":[{"count":2,"href":"https:\/\/tuermerin-doris.de\/index.php?rest_route=\/wp\/v2\/pages\/181\/revisions"}],"predecessor-version":[{"id":213,"href":"https:\/\/tuermerin-doris.de\/index.php?rest_route=\/wp\/v2\/pages\/181\/revisions\/213"}],"wp:attachment":[{"href":"https:\/\/tuermerin-doris.de\/index.php?rest_route=%2Fwp%2Fv2%2Fmedia&parent=181"}],"curies":[{"name":"wp","href":"https:\/\/api.w.org\/{rel}","templated":true}]}}